{"id":88,"date":"2009-12-17T07:03:29","date_gmt":"2009-12-17T06:03:29","guid":{"rendered":"http:\/\/aakeroien-camping.com\/site\/?page_id=88"},"modified":"2026-01-25T15:55:46","modified_gmt":"2026-01-25T14:55:46","slug":"informasjon","status":"publish","type":"page","link":"https:\/\/aakeroien-camping.com\/site\/?page_id=88","title":{"rendered":"Informasjon"},"content":{"rendered":"<!--more--><img loading=\"lazy\" decoding=\"async\" class=\"alignright size-full wp-image-13\" title=\"hytter\" src=\"http:\/\/aakeroien-camping.com\/site\/wp-content\/uploads\/hytter.jpg\" alt=\"hytter\" width=\"448\" height=\"336\" srcset=\"https:\/\/aakeroien-camping.com\/site\/wp-content\/uploads\/hytter.jpg 448w, https:\/\/aakeroien-camping.com\/site\/wp-content\/uploads\/hytter-300x224.jpg 300w\" sizes=\"auto, (max-width: 448px) 100vw, 448px\" \/>Aaker\u00f8ien Camping er en\u00a0 camping beliggende ved Glomma ( Gl\u00e5ma ) p\u00e5 Telneset, ca. 7 kilometer nord\u00f8st for Tynset sentrum, og 4,5 mil s\u00f8r for R\u00f8ros. Eier av campingen er Stein Sigmund \u00d8veraas. Den ble \u00e5pnet i 2007, og best\u00e5r av 6 enkle fiskehytter p\u00e5 ca. 11 kvm. Det er 4 sengeplasser, kj\u00f8kkenutstyr,\u00a0kokeplater og kj\u00f8leskap i hver hytte. Det er ogs\u00e5 bygget et helt nytt sanit\u00e6ranlegg i forbindelse med dem.\r\n\r\nOmr\u00e5det hvor campingen ligger, er fiskerikt og varierende, og spesielt godt egnet for fluefiske. Elven har et litt spesielt preg i dette omr\u00e5det. Det varierer mye fra rolig til rask vannf\u00f8ring, og fra grunt til dypt vann. Ett spennende omr\u00e5de \u00e5 fiske i, med en veldig bra fiskebestand. Spesielt harrfiske er meget bra i omr\u00e5det. Men b\u00e5de \u00f8rret og gjedde finnes det bra med.\r\n\r\nCampingen ligger i en egen fluefiskesone, som er ca. 14 km lang. P\u00e5 www.fishspot.no finner du priser, informasjon og mulighet til \u00e5 kj\u00f8pe fiskekort.\r\n\r\nHyttene er plassert i et tun, som vender vekk fra veien og resten av bebyggelsen p\u00e5 eiendommen, og ut mot elven. Bak hyttene er bygget hvor sanit\u00e6ranlegget er. Det er, som bildene viser, helt nytt.\r\n\r\nDet er ca 7 kilometer fra Tynset sentrum til Aaker\u00f8ien Camping. F\u00f8lg hovedveien fra Tynset p\u00e5 \u00f8stsiden av Glomma. G\u00e5 gjerne inn p\u00e5 lenken til veibeskrivelse\/ kart, s\u00e5 f\u00e5r du frem kj\u00f8reruten til campingen.\r\n\r\n<img loading=\"lazy\" decoding=\"async\" class=\"alignleft size-full wp-image-11\" title=\"bad\" src=\"http:\/\/aakeroien-camping.com\/site\/wp-content\/uploads\/bad.jpg\" alt=\"bad\" width=\"448\" height=\"336\" srcset=\"https:\/\/aakeroien-camping.com\/site\/wp-content\/uploads\/bad.jpg 448w, https:\/\/aakeroien-camping.com\/site\/wp-content\/uploads\/bad-300x224.jpg 300w\" sizes=\"auto, (max-width: 448px) 100vw, 448px\" \/>\r\n\r\n&nbsp;\r\n\r\n&nbsp;\r\n\r\n&nbsp;\r\n\r\n&nbsp;\r\n\r\n&nbsp;\r\n\r\n&nbsp;\r\n\r\n&nbsp;\r\n\r\n&nbsp;\r\n\r\n&nbsp;\r\n\r\nSanit\u00e6ranlegg\n","protected":false},"excerpt":{"rendered":"","protected":false},"author":1,"featured_media":0,"parent":3,"menu_order":0,"comment_status":"closed","ping_status":"closed","template":"page-nosidebar.php","meta":{"ngg_post_thumbnail":0,"footnotes":""},"class_list":["post-88","page","type-page","status-publish","hentry"],"_links":{"self":[{"href":"https:\/\/aakeroien-camping.com\/site\/index.php?rest_route=\/wp\/v2\/pages\/88","targetHints":{"allow":["GET"]}}],"collection":[{"href":"https:\/\/aakeroien-camping.com\/site\/index.php?rest_route=\/wp\/v2\/pages"}],"about":[{"href":"https:\/\/aakeroien-camping.com\/site\/index.php?rest_route=\/wp\/v2\/types\/page"}],"author":[{"embeddable":true,"href":"https:\/\/aakeroien-camping.com\/site\/index.php?rest_route=\/wp\/v2\/users\/1"}],"replies":[{"embeddable":true,"href":"https:\/\/aakeroien-camping.com\/site\/index.php?rest_route=%2Fwp%2Fv2%2Fcomments&post=88"}],"version-history":[{"count":8,"href":"https:\/\/aakeroien-camping.com\/site\/index.php?rest_route=\/wp\/v2\/pages\/88\/revisions"}],"predecessor-version":[{"id":221,"href":"https:\/\/aakeroien-camping.com\/site\/index.php?rest_route=\/wp\/v2\/pages\/88\/revisions\/221"}],"up":[{"embeddable":true,"href":"https:\/\/aakeroien-camping.com\/site\/index.php?rest_route=\/wp\/v2\/pages\/3"}],"wp:attachment":[{"href":"https:\/\/aakeroien-camping.com\/site\/index.php?rest_route=%2Fwp%2Fv2%2Fmedia&parent=88"}],"curies":[{"name":"wp","href":"https:\/\/api.w.org\/{rel}","templated":true}]}}