{"id":68,"date":"2009-12-15T22:19:17","date_gmt":"2009-12-15T21:19:17","guid":{"rendered":"http:\/\/aakeroien-camping.com\/site\/?page_id=68"},"modified":"2022-08-18T17:56:00","modified_gmt":"2022-08-18T16:56:00","slug":"kontakt-oss","status":"publish","type":"page","link":"https:\/\/aakeroien-camping.com\/site\/?page_id=68","title":{"rendered":"Kontakt oss"},"content":{"rendered":"<p>&nbsp;<\/p>\n<p>Eiere og drivere av Aaker\u00f8ien Hytter Cabins ,&nbsp; &nbsp;driver ogs\u00e5 g\u00e5rden nord&nbsp;<\/p>\n<p>for hyttene ( ca 600m nord)<\/p>\n<p>&nbsp;<\/p>\n<p>Ikke n\u00f8l med \u00e5 kontakte oss ved sp\u00f8rsm\u00e5l.<\/p>\n<p>AAKER\u00d8IEN CAMPING<br \/>\nTelneset<br \/>\n2500 TYNSET<br \/>\nNorge<br \/>\nTelefon nr. (+ 47) 90 84 84 35 (Stein)<br \/>\nE-post:&nbsp;aakeroiencamp@gmail.com<\/p>\n","protected":false},"excerpt":{"rendered":"<p>&nbsp; Eiere og drivere av Aaker\u00f8ien Hytter Cabins ,&nbsp; &nbsp;driver ogs\u00e5 g\u00e5rden nord&nbsp; for hyttene ( ca 600m nord) &nbsp; Ikke n\u00f8l med \u00e5 kontakte oss ved sp\u00f8rsm\u00e5l. AAKER\u00d8IEN CAMPING Telneset 2500 TYNSET Norge Telefon nr. (+ 47) 90 84 84 35 (Stein) E-post:&nbsp;aakeroiencamp@gmail.com<\/p>\n","protected":false},"author":1,"featured_media":0,"parent":3,"menu_order":3,"comment_status":"closed","ping_status":"open","template":"page-nosidebar.php","meta":{"ngg_post_thumbnail":0,"footnotes":""},"class_list":["post-68","page","type-page","status-publish","hentry"],"_links":{"self":[{"href":"https:\/\/aakeroien-camping.com\/site\/index.php?rest_route=\/wp\/v2\/pages\/68","targetHints":{"allow":["GET"]}}],"collection":[{"href":"https:\/\/aakeroien-camping.com\/site\/index.php?rest_route=\/wp\/v2\/pages"}],"about":[{"href":"https:\/\/aakeroien-camping.com\/site\/index.php?rest_route=\/wp\/v2\/types\/page"}],"author":[{"embeddable":true,"href":"https:\/\/aakeroien-camping.com\/site\/index.php?rest_route=\/wp\/v2\/users\/1"}],"replies":[{"embeddable":true,"href":"https:\/\/aakeroien-camping.com\/site\/index.php?rest_route=%2Fwp%2Fv2%2Fcomments&post=68"}],"version-history":[{"count":5,"href":"https:\/\/aakeroien-camping.com\/site\/index.php?rest_route=\/wp\/v2\/pages\/68\/revisions"}],"predecessor-version":[{"id":199,"href":"https:\/\/aakeroien-camping.com\/site\/index.php?rest_route=\/wp\/v2\/pages\/68\/revisions\/199"}],"up":[{"embeddable":true,"href":"https:\/\/aakeroien-camping.com\/site\/index.php?rest_route=\/wp\/v2\/pages\/3"}],"wp:attachment":[{"href":"https:\/\/aakeroien-camping.com\/site\/index.php?rest_route=%2Fwp%2Fv2%2Fmedia&parent=68"}],"curies":[{"name":"wp","href":"https:\/\/api.w.org\/{rel}","templated":true}]}}