{"id":21,"date":"2009-12-15T20:39:11","date_gmt":"2009-12-15T19:39:11","guid":{"rendered":"http:\/\/aakeroien-camping.com\/site\/?page_id=21"},"modified":"2014-11-24T23:11:52","modified_gmt":"2014-11-24T22:11:52","slug":"veiforklaring-og-turplanlegger","status":"publish","type":"page","link":"https:\/\/aakeroien-camping.com\/site\/?page_id=21","title":{"rendered":"Veiforklaring og turplanlegger"},"content":{"rendered":"<p>Aaker\u00f8ien Camping ligger p\u00e5 Telneset, ca. 7 kilometer nord\u00f8st for Tynset sentrum, og 4,5 mil s\u00f8r for R\u00f8ros. Under finner du noen kartutsnitt samt lenker til ruteplanlegger.<br \/>\nRing oss hvis du er i tvil om hvordan du skal komme trygt fram.<\/p>\n<p>Hvis du \u00f8nsker enkel planlegging av din reise s\u00e5 kan f\u00f8lgende lenke v\u00e6re nyttig:<\/p>\n<ul>\n<li><a title=\"Interaktiv ruteplanlegger (Google maps)\" href=\"https:\/\/www.google.com\/maps\/dir\/\/62.3191036,10.8636884\/@62.3321042,10.8746747,16z\/data=!3m1!4b1?hl=en\" target=\"_blank\">Interaktiv ruteplanlegger (Google maps)<\/a><\/li>\n<\/ul>\n<p>GPS koordinater for campingplassen<\/p>\n<p>Bredde: 62\u00b0 19&#8242; 9&#8243; Lengde: 10\u00b0 51&#8242; 47&#8243;<\/p>\n<p><img loading=\"lazy\" decoding=\"async\" class=\"alignleft size-full wp-image-47\" title=\"kart_ny\" src=\"https:\/\/aakeroien-camping.com\/site\/wp-content\/uploads\/kart_ny.jpg\" alt=\"kart_ny\" width=\"709\" height=\"736\" srcset=\"https:\/\/aakeroien-camping.com\/site\/wp-content\/uploads\/kart_ny.jpg 709w, https:\/\/aakeroien-camping.com\/site\/wp-content\/uploads\/kart_ny-288x300.jpg 288w\" sizes=\"auto, (max-width: 709px) 100vw, 709px\" \/><\/p>\n","protected":false},"excerpt":{"rendered":"<p>Aaker\u00f8ien Camping ligger p\u00e5 Telneset, ca. 7 kilometer nord\u00f8st for Tynset sentrum, og 4,5 mil s\u00f8r for R\u00f8ros. Under finner du noen kartutsnitt samt lenker til ruteplanlegger. Ring oss hvis du er i tvil om hvordan du skal komme trygt fram. Hvis du \u00f8nsker enkel planlegging av din reise s\u00e5 kan f\u00f8lgende lenke v\u00e6re nyttig: [&hellip;]<\/p>\n","protected":false},"author":1,"featured_media":0,"parent":3,"menu_order":1,"comment_status":"closed","ping_status":"open","template":"page-nosidebar.php","meta":{"ngg_post_thumbnail":0,"footnotes":""},"class_list":["post-21","page","type-page","status-publish","hentry"],"_links":{"self":[{"href":"https:\/\/aakeroien-camping.com\/site\/index.php?rest_route=\/wp\/v2\/pages\/21","targetHints":{"allow":["GET"]}}],"collection":[{"href":"https:\/\/aakeroien-camping.com\/site\/index.php?rest_route=\/wp\/v2\/pages"}],"about":[{"href":"https:\/\/aakeroien-camping.com\/site\/index.php?rest_route=\/wp\/v2\/types\/page"}],"author":[{"embeddable":true,"href":"https:\/\/aakeroien-camping.com\/site\/index.php?rest_route=\/wp\/v2\/users\/1"}],"replies":[{"embeddable":true,"href":"https:\/\/aakeroien-camping.com\/site\/index.php?rest_route=%2Fwp%2Fv2%2Fcomments&post=21"}],"version-history":[{"count":11,"href":"https:\/\/aakeroien-camping.com\/site\/index.php?rest_route=\/wp\/v2\/pages\/21\/revisions"}],"predecessor-version":[{"id":171,"href":"https:\/\/aakeroien-camping.com\/site\/index.php?rest_route=\/wp\/v2\/pages\/21\/revisions\/171"}],"up":[{"embeddable":true,"href":"https:\/\/aakeroien-camping.com\/site\/index.php?rest_route=\/wp\/v2\/pages\/3"}],"wp:attachment":[{"href":"https:\/\/aakeroien-camping.com\/site\/index.php?rest_route=%2Fwp%2Fv2%2Fmedia&parent=21"}],"curies":[{"name":"wp","href":"https:\/\/api.w.org\/{rel}","templated":true}]}}