{"id":120,"date":"2011-02-07T23:50:23","date_gmt":"2011-02-07T22:50:23","guid":{"rendered":"http:\/\/aakeroien-camping.com\/site\/?page_id=120"},"modified":"2016-12-11T20:18:21","modified_gmt":"2016-12-11T19:18:21","slug":"nous-contacter","status":"publish","type":"page","link":"https:\/\/aakeroien-camping.com\/site\/?page_id=120","title":{"rendered":"Nous contacter"},"content":{"rendered":"<p>N&#8217;h\u00e9sitez pas \u00e0 nous contacter pour tout renseignement<\/p>\n<p>AAKER\u00d8IEN CAMPING<br \/>\nTelneset<br \/>\n2500 TYNSET<br \/>\nNorge<br \/>\nTelefon nr. (+ 47)\u00a090 84 84 35 (Stein)<br \/>\nE-post:\u00a0aakeroiencamp@gmail.com<\/p>\n","protected":false},"excerpt":{"rendered":"<p>N&#8217;h\u00e9sitez pas \u00e0 nous contacter pour tout renseignement AAKER\u00d8IEN CAMPING Telneset 2500 TYNSET Norge Telefon nr. (+ 47)\u00a090 84 84 35 (Stein) E-post:\u00a0aakeroiencamp@gmail.com<\/p>\n","protected":false},"author":2,"featured_media":0,"parent":107,"menu_order":0,"comment_status":"closed","ping_status":"closed","template":"page-nosidebar.php","meta":{"ngg_post_thumbnail":0,"footnotes":""},"class_list":["post-120","page","type-page","status-publish","hentry"],"_links":{"self":[{"href":"https:\/\/aakeroien-camping.com\/site\/index.php?rest_route=\/wp\/v2\/pages\/120","targetHints":{"allow":["GET"]}}],"collection":[{"href":"https:\/\/aakeroien-camping.com\/site\/index.php?rest_route=\/wp\/v2\/pages"}],"about":[{"href":"https:\/\/aakeroien-camping.com\/site\/index.php?rest_route=\/wp\/v2\/types\/page"}],"author":[{"embeddable":true,"href":"https:\/\/aakeroien-camping.com\/site\/index.php?rest_route=\/wp\/v2\/users\/2"}],"replies":[{"embeddable":true,"href":"https:\/\/aakeroien-camping.com\/site\/index.php?rest_route=%2Fwp%2Fv2%2Fcomments&post=120"}],"version-history":[{"count":3,"href":"https:\/\/aakeroien-camping.com\/site\/index.php?rest_route=\/wp\/v2\/pages\/120\/revisions"}],"predecessor-version":[{"id":179,"href":"https:\/\/aakeroien-camping.com\/site\/index.php?rest_route=\/wp\/v2\/pages\/120\/revisions\/179"}],"up":[{"embeddable":true,"href":"https:\/\/aakeroien-camping.com\/site\/index.php?rest_route=\/wp\/v2\/pages\/107"}],"wp:attachment":[{"href":"https:\/\/aakeroien-camping.com\/site\/index.php?rest_route=%2Fwp%2Fv2%2Fmedia&parent=120"}],"curies":[{"name":"wp","href":"https:\/\/api.w.org\/{rel}","templated":true}]}}