{"id":107,"date":"2011-02-07T23:33:53","date_gmt":"2011-02-07T22:33:53","guid":{"rendered":"http:\/\/aakeroien-camping.com\/site\/?page_id=107"},"modified":"2014-11-24T22:44:47","modified_gmt":"2014-11-24T21:44:47","slug":"francais","status":"publish","type":"page","link":"https:\/\/aakeroien-camping.com\/site\/?page_id=107","title":{"rendered":"Francais"},"content":{"rendered":"<p><img loading=\"lazy\" decoding=\"async\" class=\"alignright size-full wp-image-13\" title=\"hytter\" src=\"https:\/\/aakeroien-camping.com\/site\/wp-content\/uploads\/hytter.jpg\" alt=\"hytter\" width=\"448\" height=\"336\" srcset=\"https:\/\/aakeroien-camping.com\/site\/wp-content\/uploads\/hytter.jpg 448w, https:\/\/aakeroien-camping.com\/site\/wp-content\/uploads\/hytter-300x224.jpg 300w\" sizes=\"auto, (max-width: 448px) 100vw, 448px\" \/>Le camp est compos\u00e9 de 6 cabines pour p\u00eacheurs de 11 m\u00e8tres carr\u00e9s chacune. Elles sont toutes \u00e9quip\u00e9es de 4 lits, n\u00e9cessaire de cuisine, plaques de cuisson et r\u00e9frig\u00e9rateur. Les douches et toilettes de conception r\u00e9cente sont situ\u00e9es dans un b\u00e2timent proche des cabines<br \/>\nL&#8217;endroit o\u00f9 se situe le camp est tr\u00e8s vari\u00e9 et propice \u00e0 la p\u00eache \u00e0 la mouche de nombreuses esp\u00e8ces de poissons : particuli\u00e8rement des ombres, mais vous pouvez aussi capturer truites, brochets et divers poissons blancs. La rivi\u00e8re est un petit peu sp\u00e9ciale au camp. Elle alterne les lisses et les rapides ainsi que les zones de faible profondeur et d&#8217;autres profondes voire tr\u00e8s profondes. Ce qui en fait une zone tr\u00e8s int\u00e9ressante \u00e0 p\u00eacher.<br \/>\nLe camping est situ\u00e9 dans une zone r\u00e9serv\u00e9e \u00e0 la p\u00eache \u00e0 la mouche de 14 km de long qui se termine 4 km en aval du camp.<br \/>\nBien entendu, vous pouvez acheter les permis au www.fishspot.no.<br \/>\nSi vous regardez le lien \u00ab comment venir \u00bb, vous pouvez trouver facilement la route la plus facile pour venir au camp d&#8217;o\u00f9 que arriviez.<\/p>\n<p><img loading=\"lazy\" decoding=\"async\" class=\"alignleft size-full wp-image-11\" title=\"bad\" src=\"https:\/\/aakeroien-camping.com\/site\/wp-content\/uploads\/bad.jpg\" alt=\"bad\" width=\"448\" height=\"336\" srcset=\"https:\/\/aakeroien-camping.com\/site\/wp-content\/uploads\/bad.jpg 448w, https:\/\/aakeroien-camping.com\/site\/wp-content\/uploads\/bad-300x224.jpg 300w\" sizes=\"auto, (max-width: 448px) 100vw, 448px\" \/><\/p>\n","protected":false},"excerpt":{"rendered":"<p>Le camp est compos\u00e9 de 6 cabines pour p\u00eacheurs de 11 m\u00e8tres carr\u00e9s chacune. Elles sont toutes \u00e9quip\u00e9es de 4 lits, n\u00e9cessaire de cuisine, plaques de cuisson et r\u00e9frig\u00e9rateur. Les douches et toilettes de conception r\u00e9cente sont situ\u00e9es dans un b\u00e2timent proche des cabines L&#8217;endroit o\u00f9 se situe le camp est tr\u00e8s vari\u00e9 et propice [&hellip;]<\/p>\n","protected":false},"author":2,"featured_media":0,"parent":0,"menu_order":0,"comment_status":"closed","ping_status":"open","template":"page-nosidebar.php","meta":{"ngg_post_thumbnail":0,"footnotes":""},"class_list":["post-107","page","type-page","status-publish","hentry"],"_links":{"self":[{"href":"https:\/\/aakeroien-camping.com\/site\/index.php?rest_route=\/wp\/v2\/pages\/107","targetHints":{"allow":["GET"]}}],"collection":[{"href":"https:\/\/aakeroien-camping.com\/site\/index.php?rest_route=\/wp\/v2\/pages"}],"about":[{"href":"https:\/\/aakeroien-camping.com\/site\/index.php?rest_route=\/wp\/v2\/types\/page"}],"author":[{"embeddable":true,"href":"https:\/\/aakeroien-camping.com\/site\/index.php?rest_route=\/wp\/v2\/users\/2"}],"replies":[{"embeddable":true,"href":"https:\/\/aakeroien-camping.com\/site\/index.php?rest_route=%2Fwp%2Fv2%2Fcomments&post=107"}],"version-history":[{"count":9,"href":"https:\/\/aakeroien-camping.com\/site\/index.php?rest_route=\/wp\/v2\/pages\/107\/revisions"}],"predecessor-version":[{"id":156,"href":"https:\/\/aakeroien-camping.com\/site\/index.php?rest_route=\/wp\/v2\/pages\/107\/revisions\/156"}],"wp:attachment":[{"href":"https:\/\/aakeroien-camping.com\/site\/index.php?rest_route=%2Fwp%2Fv2%2Fmedia&parent=107"}],"curies":[{"name":"wp","href":"https:\/\/api.w.org\/{rel}","templated":true}]}}